{"id":149,"date":"2020-11-09T22:00:50","date_gmt":"2020-11-09T21:00:50","guid":{"rendered":"http:\/\/www.capurso-online.it\/capursonline\/?page_id=149"},"modified":"2020-11-09T22:01:31","modified_gmt":"2020-11-09T21:01:31","slug":"san-giuseppe","status":"publish","type":"page","link":"https:\/\/www.capurso-online.it\/capursonline\/index.php\/a-capurso\/feste-religiose\/san-giuseppe\/","title":{"rendered":"San Giuseppe"},"content":{"rendered":"<div class=\"article-content\">\n<div><strong>Un appuntamento da non perdere\u2026<\/strong><br \/>\ndi\u00a0<em>Riccardo Lorusso<\/em><\/div>\n<p><em><strong>Un incontro speciale\u2026<\/strong><\/em><\/p>\n<p>Nei giorni di fine Maggio si rinnova per tutti noi capursesi un appuntamento al quale,<img title=\"pm_capurso_49.jpg\" src=\"http:\/\/www.capurso-online.com\/html\/wp-content\/uploads\/2006\/09\/pm_capurso_49.jpg\" alt=\"pm_capurso_49.jpg\" align=\"right\" border=\"0\" \/>\u00a0credetemi, non possiamo e non dobbiamo rinunciare! Sono convinto che se vi rinunciassimo anche per un sola volta sentiremmo dentro di noi un vuoto, un qualcosa che ci manca! Ma a che cosa mi riferisco? Penso che molti lo avranno gi\u00e0 capito: alla festa del nostro santo patrono San Giuseppe, che anche quest\u2019anno la nostra cittadina rivive nei giorni 26, 27 e 28 Maggio.<br \/>\nIn queste poche righe vorrei cercare di riflettere su questo appuntamento, s\u00ec, dico bene \u00e8 proprio un appuntamento, al quale non possiamo mancare, che ci \u00e8 stato tramandato dai nostri padri, un appuntamento cos\u00ec antico che non possiamo dimenticare.<\/p>\n<p>E\u2019 un incontro che presuppone l\u2019intervento di due soggetti: da una parte l\u2019uomo, l\u2019uomo di oggi, di ieri, di domani; l\u2019uomo capursese presente in Capurso fisicamente tutto l\u2019anno, l\u2019uomo emigrante ma che \u00e8 rimasto capursese dentro, che con sacrifici cerca di essere presente col corpo e non all\u2019 importante appuntamento, l\u2019uomo che non crede, che ha bisogno di un punto di riferimento; l\u2019uomo che ha paura, che si trova in difficolt\u00e0 e ha bisogno di aiuto e\u2026 e poi\u2026 Lui, il santo, quel San Giuseppe rappresentato in maniera emblematica dalla nostra immagine lignea come una persona discreta, attenta, a tratti forse severa nel volto ma che ispira sicurezza nel tenere fermamente per mano il bambin Ges\u00f9. Che fascino quell\u2019immagine! Se la guardiamo attentamente riesce a donare delle emozioni e delle sicurezze davvero grandi! Se pensiamo, poi, al compito che San Giuseppe ha dovuto assolvere, riusciamo a capire quanto forte sia stato il suo animo, la sua personalit\u00e0 che definirei coraggiosa e da prendere senz\u2019altro come esempio per la famiglia, al centro nel mondo di oggi di una serie di discussioni e incertezze, e,per il lavoro, fonte di soddisfazione personale e sociale nel quale molti di noi non riescono a ritrovare un\u2019identit\u00e0.<\/p>\n<p>La figura di San Giuseppe inoltre \u00e8 quella di un grande personaggio storico che non ha nulla da invidiare ad altri personaggi o pseudo tali divenuti per noi oggi miti a volte falsi e inutili.<\/p>\n<p>Non a caso le qualit\u00e0 di questo santo sono state riconosciute dalla Chiesa di rilevante importanza per ogni cristiano, tanto che nel 1870 il papa Pio IX, con Decreto della Congregazione dei Riti, lo dichiar\u00f2 Patrono della Chiesa Universale.<\/p>\n<p><strong>Il culto di San Giuseppe a Capurso<\/strong><\/p>\n<p>Ma, a proposito di Capurso, da dove nasce il culto verso questo santo cos\u00ec importante?<\/p>\n<p>E\u2019 indispensabile, dare uno sguardo al passato, affinch\u00e9 possiamo tenere sempre viva la memoria e la cultura delle nostre origini per non dimenticare o distrarci e poi cadere nella superficialit\u00e0 e banalit\u00e0. La storia costituisce sempre un motivo di interesse e di chiarimento per tanti nostri modi di fare e di pensare: se crediamo quindi di poter costruire il futuro nostro e delle prossime generazioni senza ricordare ci\u00f2 che \u00e8 stato, andremo sicuramente incontro ad un fallimento. Dobbiamo anzitutto sapere che prima di San Giuseppe, la cittadina di Capurso ha avuto altri santi protettori, a cominciare da san Sebastiano, San Francesco da Paola e san Rocco scelti quando nel 1657 la terra di Bari fu soggetta a un periodo di pestilenza. Non a caso abbiamo a Capurso una chiesa intitolata a San Francesco da Paola e due tele presenti nella parrocchia del SS. mo Salvatore ove sono raffigurati appunto san Sebastiano e san Rocco.<\/p>\n<p>Ancora, fonti storiche parlano di una nuova pestilenza nel 1691, quando i capursesi vollero affidarsi ad un altro santo taumaturgico quale San Bernardino da Siena.<\/p>\n<p>E proprio quando nel 1700 a Capurso si stava diffondendo la devozione verso la Madonna del Pozzo, compatrona tuttora della cittadina, il popolo capursese, il giorno 28 Marzo 1725, in pubblico parlamento e alla presenza del notaio Ottavio Stanziola, chiese all\u2019allora Sindaco del paese, il Magnifico Orontio Raimundo, di eleggere San Giuseppe quale protettore di Capurso.<\/p>\n<p>Gi\u00e0 da prima, comunque, il culto di San Giuseppe si era sviluppato a Capurso, infatti il giorno 1 Marzo 1725 fu commissionata a Mastro Carlo Cintio Altieri di Altamura la costruzione della bellissima statua lignea a cui accennavo in precedenza, custodita ancor oggi nella chiesa del SS.mo Salvatore da molti tra l\u2019altro individuata come \u201cla chiesa di San Giuseppe\u201d e quella stessa statua viene portata in processione durante il giorno della festa.<\/p>\n<p>Allora possiamo dire che se ogni famiglia ha bisogno di un padre, ogni citt\u00e0 ha bisogno di un patrono, ovvero di un\u2019 icona, un nome, un mito ed un rito, una storia di fondazione, in cui riconoscere e celebrare il comune sentire: il santo patrono \u00e8 un angelo custode collettivo.<br \/>\nTutto questo ci deve far capire quanto importante debba essere il nostro legame con questo santo non solo a livello di fede cristiana ma anche sotto il profilo storico e culturale del nostro paese.<\/p>\n<p><strong>La festa patronale<\/strong><\/p>\n<p>Un ultimo pensiero e sguardo a questo punto non pu\u00f2 che essere rivolto alla festa\u00a0<img title=\"sang.jpg\" src=\"http:\/\/www.capurso-online.com\/html\/wp-content\/uploads\/2006\/09\/sang.jpg\" alt=\"sang.jpg\" align=\"right\" border=\"0\" \/>\u00a0patronale, quale appuntamento ove poter riscoprire e riesumare dal dimenticatoio tutti questi temi e queste bellissime realt\u00e0 che molte volte purtroppo non riusciamo a cogliere.<br \/>\nAllora, vista la complessa esistenza che ogni giorno l\u2019uomo contemporaneo vive, sembra lecito chiedersi:\u201d Le feste patronali hanno ancora un senso ai nostri tempi?\u201d<br \/>\nE .. ancora una volta per poter rispondere a questo quesito dobbiamo rivolgere lo sguardo al passato e tenere presente non solo la cultura della festa religiosa appartenente alla realt\u00e0 cristiana ma riflettere sul senso e sul bisogno di festa che diventa folklore, quasi magia, anche in culture differenti, a cominciare da quella ebraica sino a quella pagana romana e greca, per fermarci alle nostre pi\u00f9 dirette antenate.<br \/>\nAllora come pu\u00f2 oggi essere scomparsa nell\u2019uomo quell\u2019indole ludica direi quasi infantile che va ad innestarsi in quell\u2019aspetto pi\u00f9 grande dato dal bisogno dell\u2019uomo di protezione e quindi della divinit\u00e0, di Dio? Mi sembra opportuno riportare uno stralcio della nota pastorale sulle feste religiose popolari del 4 febbraio 1998 redatta dalla conferenza episcopale pugliese dal titolo \u201cLe nostre Feste\u201d, ove vengono analizzati aspetti dottrinali e normativi in materia di feste patronali:\u201d Dono di Dio e della sua eterna bellezza, la festa \u00e8 nell\u2019uomo come scintilla di quella increata festa del cielo; frammento di eternit\u00e0 rinchiuso nel cuore dell\u2019uomo; forza vitale di insopprimibile e prepotente bisogno, s\u00ec che l\u2019uomo non pu\u00f2 vivere senza di essa. (\u2026)\u201d.<br \/>\nInoltre nel regolamento diocesano del 8 Maggio 1992 leggiamo:\u201d(\u2026) la festa patronale \u00e8 una festa religiosa, patrimonio spirituale, culturale e sociale che fa parte integrante delle nostre citt\u00e0 e dei nostri paesi. La Bibbia ci fa conoscere che la festa \u00e8 memoriale nella continua irruzione di Dio nella storia e della sua azione liberatrice (Es. 12, 1 \u2013 14). (\u2026)\u201d<\/p>\n<p>Cogliamo la festa come un momento religioso forte che interrompe le abitudini quotidiane, un\u2019occasione per rimettere \u201cin forma\u201d una comunit\u00e0, risvegliare il legame con le proprie origini, rispettare i propri avi che donavano ai santi ci\u00f2 che avevano di pi\u00f9 prezioso, rispettare gli emigrati.<\/p>\n<p>Un\u2019occasione per vestire di luci e colori il paese che assume un aspetto diverso dal quotidiano, che sembra rinvigorito e rivitalizzato: non rinunciamo quindi alla cornice entusiasmante dei concerti bandistici, dei fuochi pirotecnici architettura del colore, delle luminarie architettura della luce e di tanti altri aspetti a noi ben noti ma che tante volte consideriamo ben poco.<\/p>\n<p>Facciamo allora del nostro meglio per non abbandonare questi profondi aspetti culturali delle nostre terre ma valorizzarli anche compatibilmente con le nuove tecnologie che la societ\u00e0 odierna ci fornisce.<\/p>\n<\/div>\n","protected":false},"excerpt":{"rendered":"<p>Un appuntamento da non perdere\u2026 di\u00a0Riccardo Lorusso Un incontro speciale\u2026 Nei giorni di fine Maggio<\/p>\n","protected":false},"author":1,"featured_media":0,"parent":147,"menu_order":0,"comment_status":"closed","ping_status":"closed","template":"","meta":[],"yoast_head":"<!-- This site is optimized with the Yoast SEO plugin v19.4 - https:\/\/yoast.com\/wordpress\/plugins\/seo\/ -->\r\n<title>San Giuseppe - Capurso On Line<\/title>\r\n<meta name=\"robots\" content=\"index, follow, max-snippet:-1, max-image-preview:large, max-video-preview:-1\" \/>\r\n<link rel=\"canonical\" href=\"https:\/\/www.capurso-online.it\/capursonline\/index.php\/a-capurso\/feste-religiose\/san-giuseppe\/\" \/>\r\n<meta property=\"og:locale\" content=\"it_IT\" \/>\r\n<meta property=\"og:type\" content=\"article\" \/>\r\n<meta property=\"og:title\" content=\"San Giuseppe - Capurso On Line\" \/>\r\n<meta property=\"og:description\" content=\"Un appuntamento da non perdere\u2026 di\u00a0Riccardo Lorusso Un incontro speciale\u2026 Nei giorni di fine Maggio\" \/>\r\n<meta property=\"og:url\" content=\"https:\/\/www.capurso-online.it\/capursonline\/index.php\/a-capurso\/feste-religiose\/san-giuseppe\/\" \/>\r\n<meta property=\"og:site_name\" content=\"Capurso On Line\" \/>\r\n<meta property=\"article:modified_time\" content=\"2020-11-09T21:01:31+00:00\" \/>\r\n<meta property=\"og:image\" content=\"http:\/\/www.capurso-online.com\/html\/wp-content\/uploads\/2006\/09\/pm_capurso_49.jpg\" \/>\r\n<meta name=\"twitter:card\" content=\"summary_large_image\" \/>\r\n<meta name=\"twitter:label1\" content=\"Tempo di lettura stimato\" \/>\n\t<meta name=\"twitter:data1\" content=\"6 minuti\" \/>\r\n<script type=\"application\/ld+json\" class=\"yoast-schema-graph\">{\"@context\":\"https:\/\/schema.org\",\"@graph\":[{\"@type\":\"Organization\",\"@id\":\"https:\/\/www.capurso-online.it\/capursonline\/#organization\",\"name\":\"Capurso On Line\",\"url\":\"https:\/\/www.capurso-online.it\/capursonline\/\",\"sameAs\":[],\"logo\":{\"@type\":\"ImageObject\",\"inLanguage\":\"it-IT\",\"@id\":\"https:\/\/www.capurso-online.it\/capursonline\/#\/schema\/logo\/image\/\",\"url\":\"https:\/\/www.capurso-online.it\/capursonline\/wp-content\/uploads\/2020\/11\/cropped-logo.png\",\"contentUrl\":\"https:\/\/www.capurso-online.it\/capursonline\/wp-content\/uploads\/2020\/11\/cropped-logo.png\",\"width\":3604,\"height\":1531,\"caption\":\"Capurso On Line\"},\"image\":{\"@id\":\"https:\/\/www.capurso-online.it\/capursonline\/#\/schema\/logo\/image\/\"}},{\"@type\":\"WebSite\",\"@id\":\"https:\/\/www.capurso-online.it\/capursonline\/#website\",\"url\":\"https:\/\/www.capurso-online.it\/capursonline\/\",\"name\":\"Capurso On Line\",\"description\":\"Il portale di Capurso\",\"publisher\":{\"@id\":\"https:\/\/www.capurso-online.it\/capursonline\/#organization\"},\"potentialAction\":[{\"@type\":\"SearchAction\",\"target\":{\"@type\":\"EntryPoint\",\"urlTemplate\":\"https:\/\/www.capurso-online.it\/capursonline\/?s={search_term_string}\"},\"query-input\":\"required name=search_term_string\"}],\"inLanguage\":\"it-IT\"},{\"@type\":\"WebPage\",\"@id\":\"https:\/\/www.capurso-online.it\/capursonline\/index.php\/a-capurso\/feste-religiose\/san-giuseppe\/\",\"url\":\"https:\/\/www.capurso-online.it\/capursonline\/index.php\/a-capurso\/feste-religiose\/san-giuseppe\/\",\"name\":\"San Giuseppe - Capurso On Line\",\"isPartOf\":{\"@id\":\"https:\/\/www.capurso-online.it\/capursonline\/#website\"},\"datePublished\":\"2020-11-09T21:00:50+00:00\",\"dateModified\":\"2020-11-09T21:01:31+00:00\",\"breadcrumb\":{\"@id\":\"https:\/\/www.capurso-online.it\/capursonline\/index.php\/a-capurso\/feste-religiose\/san-giuseppe\/#breadcrumb\"},\"inLanguage\":\"it-IT\",\"potentialAction\":[{\"@type\":\"ReadAction\",\"target\":[\"https:\/\/www.capurso-online.it\/capursonline\/index.php\/a-capurso\/feste-religiose\/san-giuseppe\/\"]}]},{\"@type\":\"BreadcrumbList\",\"@id\":\"https:\/\/www.capurso-online.it\/capursonline\/index.php\/a-capurso\/feste-religiose\/san-giuseppe\/#breadcrumb\",\"itemListElement\":[{\"@type\":\"ListItem\",\"position\":1,\"name\":\"Home\",\"item\":\"https:\/\/www.capurso-online.it\/capursonline\/\"},{\"@type\":\"ListItem\",\"position\":2,\"name\":\"A Capurso\",\"item\":\"https:\/\/www.capurso-online.it\/capursonline\/index.php\/a-capurso\/\"},{\"@type\":\"ListItem\",\"position\":3,\"name\":\"Feste religiose\",\"item\":\"https:\/\/www.capurso-online.it\/capursonline\/index.php\/a-capurso\/feste-religiose\/\"},{\"@type\":\"ListItem\",\"position\":4,\"name\":\"San Giuseppe\"}]}]}<\/script>\r\n<!-- \/ Yoast SEO plugin. -->","yoast_head_json":{"title":"San Giuseppe - Capurso On Line","robots":{"index":"index","follow":"follow","max-snippet":"max-snippet:-1","max-image-preview":"max-image-preview:large","max-video-preview":"max-video-preview:-1"},"canonical":"https:\/\/www.capurso-online.it\/capursonline\/index.php\/a-capurso\/feste-religiose\/san-giuseppe\/","og_locale":"it_IT","og_type":"article","og_title":"San Giuseppe - Capurso On Line","og_description":"Un appuntamento da non perdere\u2026 di\u00a0Riccardo Lorusso Un incontro speciale\u2026 Nei giorni di fine Maggio","og_url":"https:\/\/www.capurso-online.it\/capursonline\/index.php\/a-capurso\/feste-religiose\/san-giuseppe\/","og_site_name":"Capurso On Line","article_modified_time":"2020-11-09T21:01:31+00:00","og_image":[{"url":"http:\/\/www.capurso-online.com\/html\/wp-content\/uploads\/2006\/09\/pm_capurso_49.jpg"}],"twitter_card":"summary_large_image","twitter_misc":{"Tempo di lettura stimato":"6 minuti"},"schema":{"@context":"https:\/\/schema.org","@graph":[{"@type":"Organization","@id":"https:\/\/www.capurso-online.it\/capursonline\/#organization","name":"Capurso On Line","url":"https:\/\/www.capurso-online.it\/capursonline\/","sameAs":[],"logo":{"@type":"ImageObject","inLanguage":"it-IT","@id":"https:\/\/www.capurso-online.it\/capursonline\/#\/schema\/logo\/image\/","url":"https:\/\/www.capurso-online.it\/capursonline\/wp-content\/uploads\/2020\/11\/cropped-logo.png","contentUrl":"https:\/\/www.capurso-online.it\/capursonline\/wp-content\/uploads\/2020\/11\/cropped-logo.png","width":3604,"height":1531,"caption":"Capurso On Line"},"image":{"@id":"https:\/\/www.capurso-online.it\/capursonline\/#\/schema\/logo\/image\/"}},{"@type":"WebSite","@id":"https:\/\/www.capurso-online.it\/capursonline\/#website","url":"https:\/\/www.capurso-online.it\/capursonline\/","name":"Capurso On Line","description":"Il portale di Capurso","publisher":{"@id":"https:\/\/www.capurso-online.it\/capursonline\/#organization"},"potentialAction":[{"@type":"SearchAction","target":{"@type":"EntryPoint","urlTemplate":"https:\/\/www.capurso-online.it\/capursonline\/?s={search_term_string}"},"query-input":"required name=search_term_string"}],"inLanguage":"it-IT"},{"@type":"WebPage","@id":"https:\/\/www.capurso-online.it\/capursonline\/index.php\/a-capurso\/feste-religiose\/san-giuseppe\/","url":"https:\/\/www.capurso-online.it\/capursonline\/index.php\/a-capurso\/feste-religiose\/san-giuseppe\/","name":"San Giuseppe - Capurso On Line","isPartOf":{"@id":"https:\/\/www.capurso-online.it\/capursonline\/#website"},"datePublished":"2020-11-09T21:00:50+00:00","dateModified":"2020-11-09T21:01:31+00:00","breadcrumb":{"@id":"https:\/\/www.capurso-online.it\/capursonline\/index.php\/a-capurso\/feste-religiose\/san-giuseppe\/#breadcrumb"},"inLanguage":"it-IT","potentialAction":[{"@type":"ReadAction","target":["https:\/\/www.capurso-online.it\/capursonline\/index.php\/a-capurso\/feste-religiose\/san-giuseppe\/"]}]},{"@type":"BreadcrumbList","@id":"https:\/\/www.capurso-online.it\/capursonline\/index.php\/a-capurso\/feste-religiose\/san-giuseppe\/#breadcrumb","itemListElement":[{"@type":"ListItem","position":1,"name":"Home","item":"https:\/\/www.capurso-online.it\/capursonline\/"},{"@type":"ListItem","position":2,"name":"A Capurso","item":"https:\/\/www.capurso-online.it\/capursonline\/index.php\/a-capurso\/"},{"@type":"ListItem","position":3,"name":"Feste religiose","item":"https:\/\/www.capurso-online.it\/capursonline\/index.php\/a-capurso\/feste-religiose\/"},{"@type":"ListItem","position":4,"name":"San Giuseppe"}]}]}},"_links":{"self":[{"href":"https:\/\/www.capurso-online.it\/capursonline\/index.php\/wp-json\/wp\/v2\/pages\/149"}],"collection":[{"href":"https:\/\/www.capurso-online.it\/capursonline\/index.php\/wp-json\/wp\/v2\/pages"}],"about":[{"href":"https:\/\/www.capurso-online.it\/capursonline\/index.php\/wp-json\/wp\/v2\/types\/page"}],"author":[{"embeddable":true,"href":"https:\/\/www.capurso-online.it\/capursonline\/index.php\/wp-json\/wp\/v2\/users\/1"}],"replies":[{"embeddable":true,"href":"https:\/\/www.capurso-online.it\/capursonline\/index.php\/wp-json\/wp\/v2\/comments?post=149"}],"version-history":[{"count":1,"href":"https:\/\/www.capurso-online.it\/capursonline\/index.php\/wp-json\/wp\/v2\/pages\/149\/revisions"}],"predecessor-version":[{"id":150,"href":"https:\/\/www.capurso-online.it\/capursonline\/index.php\/wp-json\/wp\/v2\/pages\/149\/revisions\/150"}],"up":[{"embeddable":true,"href":"https:\/\/www.capurso-online.it\/capursonline\/index.php\/wp-json\/wp\/v2\/pages\/147"}],"wp:attachment":[{"href":"https:\/\/www.capurso-online.it\/capursonline\/index.php\/wp-json\/wp\/v2\/media?parent=149"}],"curies":[{"name":"wp","href":"https:\/\/api.w.org\/{rel}","templated":true}]}}