{"id":26,"date":"2020-10-28T14:33:12","date_gmt":"2020-10-28T13:33:12","guid":{"rendered":"http:\/\/www.capurso-online.it\/capursonline\/?page_id=26"},"modified":"2020-10-28T14:33:12","modified_gmt":"2020-10-28T13:33:12","slug":"disclaimer","status":"publish","type":"page","link":"https:\/\/www.capurso-online.it\/capursonline\/index.php\/disclaimer\/","title":{"rendered":"Disclaimer"},"content":{"rendered":"<p style=\"text-align: justify;\">Capurso on-line, offre servizi e file disponibili per il download in maniera completamente gratuita controllati con la massima accuratezza e attenzione, ma non \u00e8 possibile garantire n\u00e8 che i servizi siano esenti da errori o imprecisioni, n\u00e8 che siano necessariamente adatti ad ottenere il raggiungimento degli scopi prefissati. Pertanto la New Global Market declina ogni responsabilita\u2019 per le conseguenze che possono essere arrecate agli utenti da possibili malfunzionamenti e per danni o la perdita di profitti che ne possono derivare.<\/p>\n<p style=\"text-align: justify;\">Visto che alcuni dei contenuti di internet possono essere rivolti esclusivamente ad un pubblico adulto o possono contenere materiale o argomenti contrari al buon costume o ritenuti offensivi per alcune persone, Capurso on-line avverte che le ricerche che partono dal nostro portale, possono involontariamente e\/o automaticamente generare collegamenti e\/o riferimenti a tali informazioni e non se ne assume alcuna responsabilita\u2019.<\/p>\n<p style=\"text-align: justify;\">Capurso on-line non \u00e8 collegato ai siti recensiti e non \u00e8 responsabile del loro contenuto.<\/p>\n<p style=\"text-align: justify;\">Per ulteriori informazioni scrivi alla nostra <a href=\"mailto:redazione@capurso-online.it\">Redazione<\/a><\/p>\n","protected":false},"excerpt":{"rendered":"<p>Capurso on-line, offre servizi e file disponibili per il download in maniera completamente gratuita controllati<\/p>\n","protected":false},"author":1,"featured_media":0,"parent":0,"menu_order":0,"comment_status":"closed","ping_status":"closed","template":"","meta":[],"yoast_head":"<!-- This site is optimized with the Yoast SEO plugin v19.4 - https:\/\/yoast.com\/wordpress\/plugins\/seo\/ -->\r\n<title>Disclaimer - Capurso On Line<\/title>\r\n<meta name=\"robots\" content=\"index, follow, max-snippet:-1, max-image-preview:large, max-video-preview:-1\" \/>\r\n<link rel=\"canonical\" href=\"https:\/\/www.capurso-online.it\/capursonline\/index.php\/disclaimer\/\" \/>\r\n<meta property=\"og:locale\" content=\"it_IT\" \/>\r\n<meta property=\"og:type\" content=\"article\" \/>\r\n<meta property=\"og:title\" content=\"Disclaimer - Capurso On Line\" \/>\r\n<meta property=\"og:description\" content=\"Capurso on-line, offre servizi e file disponibili per il download in maniera completamente gratuita controllati\" \/>\r\n<meta property=\"og:url\" content=\"https:\/\/www.capurso-online.it\/capursonline\/index.php\/disclaimer\/\" \/>\r\n<meta property=\"og:site_name\" content=\"Capurso On Line\" \/>\r\n<meta name=\"twitter:card\" content=\"summary_large_image\" \/>\r\n<meta name=\"twitter:label1\" content=\"Tempo di lettura stimato\" \/>\n\t<meta name=\"twitter:data1\" content=\"1 minuto\" \/>\r\n<script type=\"application\/ld+json\" class=\"yoast-schema-graph\">{\"@context\":\"https:\/\/schema.org\",\"@graph\":[{\"@type\":\"Organization\",\"@id\":\"https:\/\/www.capurso-online.it\/capursonline\/#organization\",\"name\":\"Capurso On Line\",\"url\":\"https:\/\/www.capurso-online.it\/capursonline\/\",\"sameAs\":[],\"logo\":{\"@type\":\"ImageObject\",\"inLanguage\":\"it-IT\",\"@id\":\"https:\/\/www.capurso-online.it\/capursonline\/#\/schema\/logo\/image\/\",\"url\":\"https:\/\/www.capurso-online.it\/capursonline\/wp-content\/uploads\/2020\/11\/cropped-logo.png\",\"contentUrl\":\"https:\/\/www.capurso-online.it\/capursonline\/wp-content\/uploads\/2020\/11\/cropped-logo.png\",\"width\":3604,\"height\":1531,\"caption\":\"Capurso On Line\"},\"image\":{\"@id\":\"https:\/\/www.capurso-online.it\/capursonline\/#\/schema\/logo\/image\/\"}},{\"@type\":\"WebSite\",\"@id\":\"https:\/\/www.capurso-online.it\/capursonline\/#website\",\"url\":\"https:\/\/www.capurso-online.it\/capursonline\/\",\"name\":\"Capurso On Line\",\"description\":\"Il portale di Capurso\",\"publisher\":{\"@id\":\"https:\/\/www.capurso-online.it\/capursonline\/#organization\"},\"potentialAction\":[{\"@type\":\"SearchAction\",\"target\":{\"@type\":\"EntryPoint\",\"urlTemplate\":\"https:\/\/www.capurso-online.it\/capursonline\/?s={search_term_string}\"},\"query-input\":\"required name=search_term_string\"}],\"inLanguage\":\"it-IT\"},{\"@type\":\"WebPage\",\"@id\":\"https:\/\/www.capurso-online.it\/capursonline\/index.php\/disclaimer\/\",\"url\":\"https:\/\/www.capurso-online.it\/capursonline\/index.php\/disclaimer\/\",\"name\":\"Disclaimer - Capurso On Line\",\"isPartOf\":{\"@id\":\"https:\/\/www.capurso-online.it\/capursonline\/#website\"},\"datePublished\":\"2020-10-28T13:33:12+00:00\",\"dateModified\":\"2020-10-28T13:33:12+00:00\",\"breadcrumb\":{\"@id\":\"https:\/\/www.capurso-online.it\/capursonline\/index.php\/disclaimer\/#breadcrumb\"},\"inLanguage\":\"it-IT\",\"potentialAction\":[{\"@type\":\"ReadAction\",\"target\":[\"https:\/\/www.capurso-online.it\/capursonline\/index.php\/disclaimer\/\"]}]},{\"@type\":\"BreadcrumbList\",\"@id\":\"https:\/\/www.capurso-online.it\/capursonline\/index.php\/disclaimer\/#breadcrumb\",\"itemListElement\":[{\"@type\":\"ListItem\",\"position\":1,\"name\":\"Home\",\"item\":\"https:\/\/www.capurso-online.it\/capursonline\/\"},{\"@type\":\"ListItem\",\"position\":2,\"name\":\"Disclaimer\"}]}]}<\/script>\r\n<!-- \/ Yoast SEO plugin. -->","yoast_head_json":{"title":"Disclaimer - Capurso On Line","robots":{"index":"index","follow":"follow","max-snippet":"max-snippet:-1","max-image-preview":"max-image-preview:large","max-video-preview":"max-video-preview:-1"},"canonical":"https:\/\/www.capurso-online.it\/capursonline\/index.php\/disclaimer\/","og_locale":"it_IT","og_type":"article","og_title":"Disclaimer - Capurso On Line","og_description":"Capurso on-line, offre servizi e file disponibili per il download in maniera completamente gratuita controllati","og_url":"https:\/\/www.capurso-online.it\/capursonline\/index.php\/disclaimer\/","og_site_name":"Capurso On Line","twitter_card":"summary_large_image","twitter_misc":{"Tempo di lettura stimato":"1 minuto"},"schema":{"@context":"https:\/\/schema.org","@graph":[{"@type":"Organization","@id":"https:\/\/www.capurso-online.it\/capursonline\/#organization","name":"Capurso On Line","url":"https:\/\/www.capurso-online.it\/capursonline\/","sameAs":[],"logo":{"@type":"ImageObject","inLanguage":"it-IT","@id":"https:\/\/www.capurso-online.it\/capursonline\/#\/schema\/logo\/image\/","url":"https:\/\/www.capurso-online.it\/capursonline\/wp-content\/uploads\/2020\/11\/cropped-logo.png","contentUrl":"https:\/\/www.capurso-online.it\/capursonline\/wp-content\/uploads\/2020\/11\/cropped-logo.png","width":3604,"height":1531,"caption":"Capurso On Line"},"image":{"@id":"https:\/\/www.capurso-online.it\/capursonline\/#\/schema\/logo\/image\/"}},{"@type":"WebSite","@id":"https:\/\/www.capurso-online.it\/capursonline\/#website","url":"https:\/\/www.capurso-online.it\/capursonline\/","name":"Capurso On Line","description":"Il portale di Capurso","publisher":{"@id":"https:\/\/www.capurso-online.it\/capursonline\/#organization"},"potentialAction":[{"@type":"SearchAction","target":{"@type":"EntryPoint","urlTemplate":"https:\/\/www.capurso-online.it\/capursonline\/?s={search_term_string}"},"query-input":"required name=search_term_string"}],"inLanguage":"it-IT"},{"@type":"WebPage","@id":"https:\/\/www.capurso-online.it\/capursonline\/index.php\/disclaimer\/","url":"https:\/\/www.capurso-online.it\/capursonline\/index.php\/disclaimer\/","name":"Disclaimer - Capurso On Line","isPartOf":{"@id":"https:\/\/www.capurso-online.it\/capursonline\/#website"},"datePublished":"2020-10-28T13:33:12+00:00","dateModified":"2020-10-28T13:33:12+00:00","breadcrumb":{"@id":"https:\/\/www.capurso-online.it\/capursonline\/index.php\/disclaimer\/#breadcrumb"},"inLanguage":"it-IT","potentialAction":[{"@type":"ReadAction","target":["https:\/\/www.capurso-online.it\/capursonline\/index.php\/disclaimer\/"]}]},{"@type":"BreadcrumbList","@id":"https:\/\/www.capurso-online.it\/capursonline\/index.php\/disclaimer\/#breadcrumb","itemListElement":[{"@type":"ListItem","position":1,"name":"Home","item":"https:\/\/www.capurso-online.it\/capursonline\/"},{"@type":"ListItem","position":2,"name":"Disclaimer"}]}]}},"_links":{"self":[{"href":"https:\/\/www.capurso-online.it\/capursonline\/index.php\/wp-json\/wp\/v2\/pages\/26"}],"collection":[{"href":"https:\/\/www.capurso-online.it\/capursonline\/index.php\/wp-json\/wp\/v2\/pages"}],"about":[{"href":"https:\/\/www.capurso-online.it\/capursonline\/index.php\/wp-json\/wp\/v2\/types\/page"}],"author":[{"embeddable":true,"href":"https:\/\/www.capurso-online.it\/capursonline\/index.php\/wp-json\/wp\/v2\/users\/1"}],"replies":[{"embeddable":true,"href":"https:\/\/www.capurso-online.it\/capursonline\/index.php\/wp-json\/wp\/v2\/comments?post=26"}],"version-history":[{"count":1,"href":"https:\/\/www.capurso-online.it\/capursonline\/index.php\/wp-json\/wp\/v2\/pages\/26\/revisions"}],"predecessor-version":[{"id":27,"href":"https:\/\/www.capurso-online.it\/capursonline\/index.php\/wp-json\/wp\/v2\/pages\/26\/revisions\/27"}],"wp:attachment":[{"href":"https:\/\/www.capurso-online.it\/capursonline\/index.php\/wp-json\/wp\/v2\/media?parent=26"}],"curies":[{"name":"wp","href":"https:\/\/api.w.org\/{rel}","templated":true}]}}